{"id":57,"date":"2020-11-06T13:02:41","date_gmt":"2020-11-06T13:02:41","guid":{"rendered":"http:\/\/hilanda.com.ar\/site\/?page_id=57"},"modified":"2021-08-09T11:28:52","modified_gmt":"2021-08-09T11:28:52","slug":"ciclo-de-capacitaciones","status":"publish","type":"page","link":"https:\/\/hilanda.com.ar\/site\/ciclo-de-capacitaciones\/","title":{"rendered":"Ciclo de Capacitaciones"},"content":{"rendered":"\t\t<div data-elementor-type=\"wp-page\" data-elementor-id=\"57\" class=\"elementor elementor-57\" data-elementor-settings=\"[]\">\n\t\t\t\t\t\t<div class=\"elementor-inner\">\n\t\t\t\t\t\t\t<div class=\"elementor-section-wrap\">\n\t\t\t\t\t\t\t<section class=\"elementor-section elementor-top-section elementor-element elementor-element-76508f0 elementor-section-height-full elementor-section-boxed elementor-section-height-default elementor-section-items-middle\" data-id=\"76508f0\" data-element_type=\"section\" data-settings=\"{&quot;background_background&quot;:&quot;classic&quot;}\">\n\t\t\t\t\t\t\t<div class=\"elementor-background-overlay\"><\/div>\n\t\t\t\t\t\t\t<div class=\"elementor-container elementor-column-gap-default\">\n\t\t\t\t\t\t\t<div class=\"elementor-row\">\n\t\t\t\t\t<div class=\"elementor-column elementor-col-50 elementor-top-column elementor-element elementor-element-6c10562\" data-id=\"6c10562\" data-element_type=\"column\" data-settings=\"{&quot;background_background&quot;:&quot;classic&quot;}\">\n\t\t\t<div class=\"elementor-column-wrap elementor-element-populated\">\n\t\t\t\t\t\t\t<div class=\"elementor-widget-wrap\">\n\t\t\t\t\t\t<div class=\"elementor-element elementor-element-71f0979 elementor-widget elementor-widget-heading\" data-id=\"71f0979\" data-element_type=\"widget\" data-widget_type=\"heading.default\">\n\t\t\t\t<div class=\"elementor-widget-container\">\n\t\t\t<h2 class=\"elementor-heading-title elementor-size-default\">Capacitaciones Hilanda: Generando Oportunidades<\/h2>\t\t<\/div>\n\t\t\t\t<\/div>\n\t\t\t\t<div class=\"elementor-element elementor-element-9b9e212 elementor-widget elementor-widget-text-editor\" data-id=\"9b9e212\" data-element_type=\"widget\" data-widget_type=\"text-editor.default\">\n\t\t\t\t<div class=\"elementor-widget-container\">\n\t\t\t\t\t<div class=\"elementor-text-editor elementor-clearfix\"><p>El objetivo de nuestros cursos y talleres es brindar herramientas para la producci\u00f3n textil dentro de la econom\u00eda circular, fabricando art\u00edculos a partir de la recuperaci\u00f3n de descartes, incorporando la t\u00e9cnica de aglomerado textil y otras t\u00e9cnicas innovadoras.<\/p><p>\u00a0<\/p><p><strong>Nuestros programas<\/strong> est\u00e1n orientados a Organizaciones Sociales, Cooperativas y Empresas que buscan desarrollar oportunidades comerciales en el marco de un <strong>modelo de negocio de triple impacto<\/strong>, fortalecer la inclusi\u00f3n, el trabajo digno y la reducci\u00f3n de descartes textiles.<\/p><p>Para conocer m\u00e1s dejanos tus datos y nos pondremos en contacto:<\/p><\/div>\n\t\t\t\t<\/div>\n\t\t\t\t<\/div>\n\t\t\t\t\t\t<\/div>\n\t\t\t\t\t<\/div>\n\t\t<\/div>\n\t\t\t\t<div class=\"elementor-column elementor-col-50 elementor-top-column elementor-element elementor-element-ea0a1a6\" data-id=\"ea0a1a6\" data-element_type=\"column\">\n\t\t\t<div class=\"elementor-column-wrap\">\n\t\t\t\t\t\t\t<div class=\"elementor-widget-wrap\">\n\t\t\t\t\t\t\t\t<\/div>\n\t\t\t\t\t<\/div>\n\t\t<\/div>\n\t\t\t\t\t\t\t\t<\/div>\n\t\t\t\t\t<\/div>\n\t\t<\/section>\n\t\t\t\t<section class=\"elementor-section elementor-top-section elementor-element elementor-element-6565bf0a elementor-section-boxed elementor-section-height-default elementor-section-height-default\" data-id=\"6565bf0a\" data-element_type=\"section\" data-settings=\"{&quot;background_background&quot;:&quot;classic&quot;,&quot;_ha_eqh_enable&quot;:false}\">\n\t\t\t\t\t\t<div class=\"elementor-container elementor-column-gap-default\">\n\t\t\t\t\t\t\t<div class=\"elementor-row\">\n\t\t\t\t\t<div class=\"elementor-column elementor-col-100 elementor-top-column elementor-element elementor-element-2e487db7\" data-id=\"2e487db7\" data-element_type=\"column\">\n\t\t\t<div class=\"elementor-column-wrap elementor-element-populated\">\n\t\t\t\t\t\t\t<div class=\"elementor-widget-wrap\">\n\t\t\t\t\t\t<div class=\"elementor-element elementor-element-4cc6abcc elementor-widget elementor-widget-heading\" data-id=\"4cc6abcc\" data-element_type=\"widget\" data-widget_type=\"heading.default\">\n\t\t\t\t<div class=\"elementor-widget-container\">\n\t\t\t<h2 class=\"elementor-heading-title elementor-size-default\">Nuestros Programas<\/h2>\t\t<\/div>\n\t\t\t\t<\/div>\n\t\t\t\t<div class=\"elementor-element elementor-element-3f4fe52f elementor-widget elementor-widget-text-editor\" data-id=\"3f4fe52f\" data-element_type=\"widget\" data-widget_type=\"text-editor.default\">\n\t\t\t\t<div class=\"elementor-widget-container\">\n\t\t\t\t\t<div class=\"elementor-text-editor elementor-clearfix\"><p>En todos nuestros Programas, apuntamos a la producci\u00f3n textil escalable, compartimos t\u00e9cnicas de recuperaci\u00f3n de materias primas, uso y posibilidades de la producci\u00f3n de Aglomerado Textil y fabricamos un producto de triple impacto en cada encuentro. <\/p><\/div>\n\t\t\t\t<\/div>\n\t\t\t\t<\/div>\n\t\t\t\t<section class=\"elementor-section elementor-inner-section elementor-element elementor-element-41b1469 elementor-section-boxed elementor-section-height-default elementor-section-height-default\" data-id=\"41b1469\" data-element_type=\"section\" data-settings=\"{&quot;_ha_eqh_enable&quot;:false}\">\n\t\t\t\t\t\t<div class=\"elementor-container elementor-column-gap-default\">\n\t\t\t\t\t\t\t<div class=\"elementor-row\">\n\t\t\t\t\t<div class=\"elementor-column elementor-col-33 elementor-inner-column elementor-element elementor-element-455ee043\" data-id=\"455ee043\" data-element_type=\"column\" data-settings=\"{&quot;background_background&quot;:&quot;classic&quot;}\">\n\t\t\t<div class=\"elementor-column-wrap elementor-element-populated\">\n\t\t\t\t\t\t\t<div class=\"elementor-widget-wrap\">\n\t\t\t\t\t\t<div class=\"elementor-element elementor-element-19ecc40e elementor-position-top elementor-vertical-align-top elementor-widget elementor-widget-image-box\" data-id=\"19ecc40e\" data-element_type=\"widget\" data-widget_type=\"image-box.default\">\n\t\t\t\t<div class=\"elementor-widget-container\">\n\t\t\t<div class=\"elementor-image-box-wrapper\"><figure class=\"elementor-image-box-img\"><img width=\"75\" height=\"60\" src=\"https:\/\/hilanda.com.ar\/site\/wp-content\/uploads\/2021\/08\/feat-5-icon.png\" class=\"attachment-full size-full\" alt=\"\" loading=\"lazy\" \/><\/figure><div class=\"elementor-image-box-content\"><h3 class=\"elementor-image-box-title\">I- Generando Oportunidades<\/h3><p class=\"elementor-image-box-description\">Una encuentro para acercarnos a t\u00e9cnicas de recuperaci\u00f3n de materias primas, especialmente al Aglomerado textil. Fabricamos 1 producto modelo.\nDuraci\u00f3n:  1 encuentro de2 a 3 horas<\/p><\/div><\/div>\t\t<\/div>\n\t\t\t\t<\/div>\n\t\t\t\t<div class=\"elementor-element elementor-element-c65903f eael-dual-header-content-align-center elementor-widget elementor-widget-eael-dual-color-header\" data-id=\"c65903f\" data-element_type=\"widget\" data-widget_type=\"eael-dual-color-header.default\">\n\t\t\t\t<div class=\"elementor-widget-container\">\n\t\t\t\n                    <div class=\"eael-dual-header\">\n                                <h2 class=\"title\"><span class=\"lead\">Orientado a<\/span> <span><\/span><\/h2>\n                <div class=\"eael-dch-separator-wrap\"><span class=\"separator-one\"><\/span>\n\t\t\t<span class=\"separator-two\"><\/span><\/div>                <span class=\"subtext\"><p>Personas interesadas en conocer la econom\u00eda circular y la recuperaci\u00f3n de textiles para la fabricaci\u00f3n de productos nuevos<\/p><\/span>\n                                                                                        <i class=\"hm hm-team-member\"><\/i>\n                                                                        <\/div>\n        \n        \n        \n        \n\t\t<\/div>\n\t\t\t\t<\/div>\n\t\t\t\t\t\t<\/div>\n\t\t\t\t\t<\/div>\n\t\t<\/div>\n\t\t\t\t<div class=\"elementor-column elementor-col-33 elementor-inner-column elementor-element elementor-element-7e7af6fc\" data-id=\"7e7af6fc\" data-element_type=\"column\">\n\t\t\t<div class=\"elementor-column-wrap elementor-element-populated\">\n\t\t\t\t\t\t\t<div class=\"elementor-widget-wrap\">\n\t\t\t\t\t\t<div class=\"elementor-element elementor-element-26cb5b65 elementor-position-top elementor-vertical-align-top elementor-widget elementor-widget-image-box\" data-id=\"26cb5b65\" data-element_type=\"widget\" data-widget_type=\"image-box.default\">\n\t\t\t\t<div class=\"elementor-widget-container\">\n\t\t\t<div class=\"elementor-image-box-wrapper\"><figure class=\"elementor-image-box-img\"><img width=\"75\" height=\"60\" src=\"https:\/\/hilanda.com.ar\/site\/wp-content\/uploads\/2021\/08\/feat-5-icon.png\" class=\"attachment-full size-full\" alt=\"\" loading=\"lazy\" \/><\/figure><div class=\"elementor-image-box-content\"><h3 class=\"elementor-image-box-title\">II- Producci\u00f3n Sustentable<\/h3><p class=\"elementor-image-box-description\">Cuatro encuentros donde veremos la producci\u00f3n textil en el marco de la Econom\u00eda Circular y las buenas pr\u00e1cticas para cuidar el ambiente. Fabricamos 4 productos modelo. Duraci\u00f3n: 4 encuentros de 2 a 3 horas. <\/p><\/div><\/div>\t\t<\/div>\n\t\t\t\t<\/div>\n\t\t\t\t<div class=\"elementor-element elementor-element-46e985e eael-dual-header-content-align-center elementor-widget elementor-widget-eael-dual-color-header\" data-id=\"46e985e\" data-element_type=\"widget\" data-widget_type=\"eael-dual-color-header.default\">\n\t\t\t\t<div class=\"elementor-widget-container\">\n\t\t\t\n                    <div class=\"eael-dual-header\">\n                                <h2 class=\"title\"><span class=\"lead\">Orientado a<\/span> <span><\/span><\/h2>\n                <div class=\"eael-dch-separator-wrap\"><span class=\"separator-one\"><\/span>\n\t\t\t<span class=\"separator-two\"><\/span><\/div>                <span class=\"subtext\"><p>ONGs, Empresas y personas interesadas en desarrollar productos aprovechando t\u00e9cnicas innovadoras<\/p><\/span>\n                                                                                        <i class=\"hm hm-team-member\"><\/i>\n                                                                        <\/div>\n        \n        \n        \n        \n\t\t<\/div>\n\t\t\t\t<\/div>\n\t\t\t\t\t\t<\/div>\n\t\t\t\t\t<\/div>\n\t\t<\/div>\n\t\t\t\t<div class=\"elementor-column elementor-col-33 elementor-inner-column elementor-element elementor-element-4bd9074e\" data-id=\"4bd9074e\" data-element_type=\"column\">\n\t\t\t<div class=\"elementor-column-wrap elementor-element-populated\">\n\t\t\t\t\t\t\t<div class=\"elementor-widget-wrap\">\n\t\t\t\t\t\t<div class=\"elementor-element elementor-element-66945944 elementor-position-top elementor-vertical-align-top elementor-widget elementor-widget-image-box\" data-id=\"66945944\" data-element_type=\"widget\" data-widget_type=\"image-box.default\">\n\t\t\t\t<div class=\"elementor-widget-container\">\n\t\t\t<div class=\"elementor-image-box-wrapper\"><figure class=\"elementor-image-box-img\"><img width=\"75\" height=\"60\" src=\"https:\/\/hilanda.com.ar\/site\/wp-content\/uploads\/2021\/08\/feat-5-icon.png\" class=\"attachment-full size-full\" alt=\"\" loading=\"lazy\" \/><\/figure><div class=\"elementor-image-box-content\"><h3 class=\"elementor-image-box-title\">III- Desarrollo de Proyectos<\/h3><p class=\"elementor-image-box-description\">6 encuentros donde adem\u00e1s de producir, abordamos la elaboraci\u00f3n de un Modelo de negocios de triple impacto, usando la herramienta Canvas. Fabricamos 5 productos modelo. Duraci\u00f3n: 6 encuentros de 2 a 3 horas. <\/p><\/div><\/div>\t\t<\/div>\n\t\t\t\t<\/div>\n\t\t\t\t<div class=\"elementor-element elementor-element-7895776 eael-dual-header-content-align-center elementor-widget elementor-widget-eael-dual-color-header\" data-id=\"7895776\" data-element_type=\"widget\" data-widget_type=\"eael-dual-color-header.default\">\n\t\t\t\t<div class=\"elementor-widget-container\">\n\t\t\t\n                    <div class=\"eael-dual-header\">\n                                <h2 class=\"title\"><span class=\"lead\">Orientado a<\/span> <span><\/span><\/h2>\n                <div class=\"eael-dch-separator-wrap\"><span class=\"separator-one\"><\/span>\n\t\t\t<span class=\"separator-two\"><\/span><\/div>                <span class=\"subtext\"><p>ONGs, Empresas y personas interesadas en desarrollar proyectos sustentables en base a t\u00e9cnicas innovadoras<\/p><\/span>\n                                                                                        <i class=\"hm hm-team-member\"><\/i>\n                                                                        <\/div>\n        \n        \n        \n        \n\t\t<\/div>\n\t\t\t\t<\/div>\n\t\t\t\t\t\t<\/div>\n\t\t\t\t\t<\/div>\n\t\t<\/div>\n\t\t\t\t\t\t\t\t<\/div>\n\t\t\t\t\t<\/div>\n\t\t<\/section>\n\t\t\t\t\t\t<\/div>\n\t\t\t\t\t<\/div>\n\t\t<\/div>\n\t\t\t\t\t\t\t\t<\/div>\n\t\t\t\t\t<\/div>\n\t\t<\/section>\n\t\t\t\t<section class=\"elementor-section elementor-top-section elementor-element elementor-element-03a45ac elementor-section-boxed elementor-section-height-default elementor-section-height-default\" data-id=\"03a45ac\" data-element_type=\"section\" data-settings=\"{&quot;_ha_eqh_enable&quot;:false}\">\n\t\t\t\t\t\t<div class=\"elementor-container elementor-column-gap-default\">\n\t\t\t\t\t\t\t<div class=\"elementor-row\">\n\t\t\t\t\t<div class=\"elementor-column elementor-col-100 elementor-top-column elementor-element elementor-element-a98f8a9\" data-id=\"a98f8a9\" data-element_type=\"column\">\n\t\t\t<div class=\"elementor-column-wrap elementor-element-populated\">\n\t\t\t\t\t\t\t<div class=\"elementor-widget-wrap\">\n\t\t\t\t\t\t<div class=\"elementor-element elementor-element-99f33cd elementor-widget elementor-widget-heading\" data-id=\"99f33cd\" data-element_type=\"widget\" data-widget_type=\"heading.default\">\n\t\t\t\t<div class=\"elementor-widget-container\">\n\t\t\t<h2 class=\"elementor-heading-title elementor-size-default\">Contactanos<\/h2>\t\t<\/div>\n\t\t\t\t<\/div>\n\t\t\t\t<div class=\"elementor-element elementor-element-81c89a4 elementor-widget elementor-widget-text-editor\" data-id=\"81c89a4\" data-element_type=\"widget\" data-widget_type=\"text-editor.default\">\n\t\t\t\t<div class=\"elementor-widget-container\">\n\t\t\t\t\t<div class=\"elementor-text-editor elementor-clearfix\"><p>Trabajamos junto a ONGs, Empresas y Gobiernos para transformar las maneras de producir, y as\u00ed generar recursos, proteger a las personas y el ambiente en el que habitamos. \u00a1No dudes en escribirnos y ser parte del cambio que necesitamos!<\/p><\/div>\n\t\t\t\t<\/div>\n\t\t\t\t<\/div>\n\t\t\t\t\t\t<\/div>\n\t\t\t\t\t<\/div>\n\t\t<\/div>\n\t\t\t\t\t\t\t\t<\/div>\n\t\t\t\t\t<\/div>\n\t\t<\/section>\n\t\t\t\t<section class=\"elementor-section elementor-top-section elementor-element elementor-element-250e257 elementor-section-boxed elementor-section-height-default elementor-section-height-default\" data-id=\"250e257\" data-element_type=\"section\" data-settings=\"{&quot;_ha_eqh_enable&quot;:false}\">\n\t\t\t\t\t\t<div class=\"elementor-container elementor-column-gap-default\">\n\t\t\t\t\t\t\t<div class=\"elementor-row\">\n\t\t\t\t\t<div class=\"elementor-column elementor-col-100 elementor-top-column elementor-element elementor-element-83ba637\" data-id=\"83ba637\" data-element_type=\"column\">\n\t\t\t<div class=\"elementor-column-wrap elementor-element-populated\">\n\t\t\t\t\t\t\t<div class=\"elementor-widget-wrap\">\n\t\t\t\t\t\t<div class=\"elementor-element elementor-element-0106174 elementor-widget elementor-widget-wpforms\" data-id=\"0106174\" data-element_type=\"widget\" data-widget_type=\"wpforms.default\">\n\t\t\t\t<div class=\"elementor-widget-container\">\n\t\t\t<script type=\"text\/html\" id=\"tmpl-wpforms-builder-elementor-popup\">\n\t<div id=\"wpforms-builder-elementor-popup\" style=\"display:none;\">\n\t\t<iframe loading=\"lazy\" src=\"about:blank\" width=\"100%\" height=\"100%\" frameborder=\"0\" id=\"wpforms-builder-iframe\"><\/iframe>\n\t<\/div>\n<\/script>\n<div class=\"wpforms-container wpforms-container-full\" id=\"wpforms-52\"><form id=\"wpforms-form-52\" class=\"wpforms-validate wpforms-form\" data-formid=\"52\" method=\"post\" enctype=\"multipart\/form-data\" action=\"\/site\/wp-json\/wp\/v2\/pages\/57\" data-token=\"cc05c48226e9f85077f9e99c28703103\"><div class=\"wpforms-head-container\"><div class=\"wpforms-title\">Ciclo de capacitaciones<\/div><\/div><noscript class=\"wpforms-error-noscript\">Por favor, activa JavaScript en tu navegador para completar este formulario.<\/noscript><div class=\"wpforms-field-container\"><div id=\"wpforms-52-field_0-container\" class=\"wpforms-field wpforms-field-name\" data-field-id=\"0\"><label class=\"wpforms-field-label\" for=\"wpforms-52-field_0\">Nombre y Apellido <span class=\"wpforms-required-label\">*<\/span><\/label><input type=\"text\" id=\"wpforms-52-field_0\" class=\"wpforms-field-medium wpforms-field-required\" name=\"wpforms[fields][0]\" required><div class=\"wpforms-field-description\">Nombre de la persona de contacto<\/div><\/div><div id=\"wpforms-52-field_5-container\" class=\"wpforms-field wpforms-field-number\" data-field-id=\"5\"><label class=\"wpforms-field-label\" for=\"wpforms-52-field_5\">Tel\u00e9fono de la persona de contacto<\/label><input type=\"number\" pattern=\"\\d*\" id=\"wpforms-52-field_5\" class=\"wpforms-field-medium\" name=\"wpforms[fields][5]\" ><div class=\"wpforms-field-description\">Un n\u00famero telef\u00f3nico de la persona que ser\u00e1 el contacto con Hilanda<\/div><\/div><div id=\"wpforms-52-field_3-container\" class=\"wpforms-field wpforms-field-text\" data-field-id=\"3\"><label class=\"wpforms-field-label\" for=\"wpforms-52-field_3\">Organizaci\u00f3n <span class=\"wpforms-required-label\">*<\/span><\/label><input type=\"text\" id=\"wpforms-52-field_3\" class=\"wpforms-field-medium wpforms-field-required\" name=\"wpforms[fields][3]\" required><div class=\"wpforms-field-description\">Nombre de la ONG<\/div><\/div><div id=\"wpforms-52-field_4-container\" class=\"wpforms-field wpforms-field-number\" data-field-id=\"4\"><label class=\"wpforms-field-label\" for=\"wpforms-52-field_4\">Tel\u00e9fono de la organizaci\u00f3n<\/label><input type=\"number\" pattern=\"\\d*\" id=\"wpforms-52-field_4\" class=\"wpforms-field-medium\" name=\"wpforms[fields][4]\" ><div class=\"wpforms-field-description\">Un n\u00famero telef\u00f3nico de contacto de la organizaci\u00f3n<\/div><\/div><div id=\"wpforms-52-field_1-container\" class=\"wpforms-field wpforms-field-email\" data-field-id=\"1\"><label class=\"wpforms-field-label\" for=\"wpforms-52-field_1\">Correo electr\u00f3nico <span class=\"wpforms-required-label\">*<\/span><\/label><input type=\"email\" id=\"wpforms-52-field_1\" class=\"wpforms-field-medium wpforms-field-required\" name=\"wpforms[fields][1]\" required><\/div><div id=\"wpforms-52-field_2-container\" class=\"wpforms-field wpforms-field-textarea\" data-field-id=\"2\"><label class=\"wpforms-field-label\" for=\"wpforms-52-field_2\">Comentario o mensaje<\/label><textarea id=\"wpforms-52-field_2\" class=\"wpforms-field-medium\" name=\"wpforms[fields][2]\" ><\/textarea><\/div><\/div><div class=\"wpforms-submit-container\" ><input type=\"hidden\" name=\"wpforms[id]\" value=\"52\"><input type=\"hidden\" name=\"wpforms[author]\" value=\"2\"><button type=\"submit\" name=\"wpforms[submit]\" class=\"wpforms-submit \" id=\"wpforms-submit-52\" value=\"wpforms-submit\" aria-live=\"assertive\" data-alt-text=\"Enviando...\" data-submit-text=\"Enviar\">Enviar<\/button><\/div><\/form><\/div>  <!-- .wpforms-container -->\t\t<\/div>\n\t\t\t\t<\/div>\n\t\t\t\t\t\t<\/div>\n\t\t\t\t\t<\/div>\n\t\t<\/div>\n\t\t\t\t\t\t\t\t<\/div>\n\t\t\t\t\t<\/div>\n\t\t<\/section>\n\t\t\t\t\t\t<\/div>\n\t\t\t\t\t\t<\/div>\n\t\t\t\t\t<\/div>\n\t\t","protected":false},"excerpt":{"rendered":"<p>Capacitaciones Hilanda: Generando Oportunidades El objetivo de nuestros cursos y talleres es brindar herramientas para la producci\u00f3n textil dentro [&hellip;]<\/p>\n","protected":false},"author":2,"featured_media":0,"parent":0,"menu_order":0,"comment_status":"closed","ping_status":"closed","template":"elementor_header_footer","meta":[],"_links":{"self":[{"href":"https:\/\/hilanda.com.ar\/site\/wp-json\/wp\/v2\/pages\/57"}],"collection":[{"href":"https:\/\/hilanda.com.ar\/site\/wp-json\/wp\/v2\/pages"}],"about":[{"href":"https:\/\/hilanda.com.ar\/site\/wp-json\/wp\/v2\/types\/page"}],"author":[{"embeddable":true,"href":"https:\/\/hilanda.com.ar\/site\/wp-json\/wp\/v2\/users\/2"}],"replies":[{"embeddable":true,"href":"https:\/\/hilanda.com.ar\/site\/wp-json\/wp\/v2\/comments?post=57"}],"version-history":[{"count":10,"href":"https:\/\/hilanda.com.ar\/site\/wp-json\/wp\/v2\/pages\/57\/revisions"}],"predecessor-version":[{"id":603,"href":"https:\/\/hilanda.com.ar\/site\/wp-json\/wp\/v2\/pages\/57\/revisions\/603"}],"wp:attachment":[{"href":"https:\/\/hilanda.com.ar\/site\/wp-json\/wp\/v2\/media?parent=57"}],"curies":[{"name":"wp","href":"https:\/\/api.w.org\/{rel}","templated":true}]}}